{"id":41,"date":"2025-05-19T04:43:07","date_gmt":"2025-05-19T04:43:07","guid":{"rendered":"https:\/\/www.carlosleal.mx\/columnas\/?page_id=41"},"modified":"2025-05-19T15:05:50","modified_gmt":"2025-05-19T15:05:50","slug":"inicio","status":"publish","type":"page","link":"https:\/\/www.carlosleal.mx\/columnas\/","title":{"rendered":"\u00bfPor qu\u00e9 escribimos estas columnas de opini\u00f3n?"},"content":{"rendered":"\n<p>Lic. Carlos Leal | Empresario &#8211; ExDiputado<\/p>\n\n\n\n<div class=\"wp-block-media-text is-stacked-on-mobile\"><figure class=\"wp-block-media-text__media\"><img loading=\"lazy\" decoding=\"async\" width=\"512\" height=\"512\" src=\"http:\/\/www.carlosleal.mx\/columnas\/wp-content\/uploads\/2025\/05\/cropped-Captura-de-Pantalla-2025-05-18-a-las-21.59.38.png\" alt=\"\" class=\"wp-image-74 size-full\" srcset=\"https:\/\/www.carlosleal.mx\/columnas\/wp-content\/uploads\/2025\/05\/cropped-Captura-de-Pantalla-2025-05-18-a-las-21.59.38.png 512w, https:\/\/www.carlosleal.mx\/columnas\/wp-content\/uploads\/2025\/05\/cropped-Captura-de-Pantalla-2025-05-18-a-las-21.59.38-300x300.png 300w, https:\/\/www.carlosleal.mx\/columnas\/wp-content\/uploads\/2025\/05\/cropped-Captura-de-Pantalla-2025-05-18-a-las-21.59.38-150x150.png 150w, https:\/\/www.carlosleal.mx\/columnas\/wp-content\/uploads\/2025\/05\/cropped-Captura-de-Pantalla-2025-05-18-a-las-21.59.38-270x270.png 270w, https:\/\/www.carlosleal.mx\/columnas\/wp-content\/uploads\/2025\/05\/cropped-Captura-de-Pantalla-2025-05-18-a-las-21.59.38-192x192.png 192w, https:\/\/www.carlosleal.mx\/columnas\/wp-content\/uploads\/2025\/05\/cropped-Captura-de-Pantalla-2025-05-18-a-las-21.59.38-180x180.png 180w, https:\/\/www.carlosleal.mx\/columnas\/wp-content\/uploads\/2025\/05\/cropped-Captura-de-Pantalla-2025-05-18-a-las-21.59.38-32x32.png 32w\" sizes=\"auto, (max-width: 512px) 100vw, 512px\" \/><\/figure><div class=\"wp-block-media-text__content\">\n<p>Vivimos tiempos donde el ruido medi\u00e1tico, la correcci\u00f3n pol\u00edtica y las ideolog\u00edas de moda intentan silenciar las voces que defienden valores firmes, la verdad y el sentido com\u00fan. Ante eso, este espacio nace como una plataforma de <strong>resistencia cultural, convicci\u00f3n moral y libertad de pensamiento<\/strong>.<\/p>\n<\/div><\/div>\n\n\n\n<p>Escribimos estas columnas porque creemos que todav\u00eda hay millones de ciudadanos que comparten nuestras preocupaciones y principios, pero que muchas veces no encuentran en los medios tradicionales una voz que los represente.<\/p>\n\n\n\n<p>Aqu\u00ed abordamos temas fundamentales como la defensa de la vida, la familia, la libertad religiosa, la educaci\u00f3n sin ideolog\u00edas, la soberan\u00eda de los padres sobre sus hijos, el respeto al m\u00e9rito, y la necesidad de que el Estado no suplante a la sociedad.<\/p>\n\n\n\n<p>Estas columnas no son \u201cpopulares\u201d, pero son necesarias. No buscamos agradar a todos, sino <strong>defender lo que es verdadero, justo y bueno<\/strong>, aunque incomode a los poderosos o a las corrientes del momento.<\/p>\n\n\n\n<p>Escribimos porque <strong>callar ser\u00eda claudicar<\/strong>. Y porque, en medio del relativismo, a\u00fan vale la pena alzar la voz con claridad, con argumentos y con principios.<\/p>\n\n\n\n<p>Lic. Carlos Leal<\/p>\n\n\n\n<hr class=\"wp-block-separator has-alpha-channel-opacity\"\/>\n\n\n<ul class=\"wp-block-latest-posts__list wp-block-latest-posts\"><li><a class=\"wp-block-latest-posts__post-title\" href=\"https:\/\/www.carlosleal.mx\/columnas\/contacto\/privacidad\/aviso-de-privacidad\/\">AVISO DE PRIVACIDAD<\/a><\/li>\n<li><a class=\"wp-block-latest-posts__post-title\" href=\"https:\/\/www.carlosleal.mx\/columnas\/politica\/carlos-leal\/\">Elecciones 2027<\/a><\/li>\n<li><a class=\"wp-block-latest-posts__post-title\" href=\"https:\/\/www.carlosleal.mx\/columnas\/opinion\/nuevo-leon-ante-la-tentacion-de-normalizar-el-aborto\/\">Nuevo Le\u00f3n ante la tentaci\u00f3n de \u201cnormalizar\u201d el aborto<\/a><\/li>\n<li><a class=\"wp-block-latest-posts__post-title\" href=\"https:\/\/www.carlosleal.mx\/columnas\/opinion\/aulas-para-educar-no-para-adoctrinar\/\">Aulas para educar, no para adoctrinar<\/a><\/li>\n<li><a class=\"wp-block-latest-posts__post-title\" href=\"https:\/\/www.carlosleal.mx\/columnas\/opinion\/solo-lgbt-para-candidatura-a-gobernador-2033\/\">Solo LGBT para candidatura a gobernador 2033<\/a><\/li>\n<\/ul>\n\n\n<p><\/p>\n","protected":false},"excerpt":{"rendered":"<p>Lic. Carlos Leal | Empresario &#8211; ExDiputado Vivimos tiempos donde el ruido medi\u00e1tico, la correcci\u00f3n pol\u00edtica y las ideolog\u00edas de moda intentan silenciar las voces&#8230;<\/p>\n<div class=\"more-link-wrapper\"><a class=\"more-link\" href=\"https:\/\/www.carlosleal.mx\/columnas\/\">Seguir leyendo<span class=\"screen-reader-text\">\u00bfPor qu\u00e9 escribimos estas columnas de opini\u00f3n?<\/span><\/a><\/div>\n","protected":false},"author":1,"featured_media":0,"parent":0,"menu_order":0,"comment_status":"closed","ping_status":"closed","template":"","meta":{"iawp_total_views":3039,"footnotes":""},"class_list":["post-41","page","type-page","status-publish","hentry","entry"],"_links":{"self":[{"href":"https:\/\/www.carlosleal.mx\/columnas\/wp-json\/wp\/v2\/pages\/41","targetHints":{"allow":["GET"]}}],"collection":[{"href":"https:\/\/www.carlosleal.mx\/columnas\/wp-json\/wp\/v2\/pages"}],"about":[{"href":"https:\/\/www.carlosleal.mx\/columnas\/wp-json\/wp\/v2\/types\/page"}],"author":[{"embeddable":true,"href":"https:\/\/www.carlosleal.mx\/columnas\/wp-json\/wp\/v2\/users\/1"}],"replies":[{"embeddable":true,"href":"https:\/\/www.carlosleal.mx\/columnas\/wp-json\/wp\/v2\/comments?post=41"}],"version-history":[{"count":4,"href":"https:\/\/www.carlosleal.mx\/columnas\/wp-json\/wp\/v2\/pages\/41\/revisions"}],"predecessor-version":[{"id":78,"href":"https:\/\/www.carlosleal.mx\/columnas\/wp-json\/wp\/v2\/pages\/41\/revisions\/78"}],"wp:attachment":[{"href":"https:\/\/www.carlosleal.mx\/columnas\/wp-json\/wp\/v2\/media?parent=41"}],"curies":[{"name":"wp","href":"https:\/\/api.w.org\/{rel}","templated":true}]}}