{"id":45,"date":"2025-05-19T04:46:50","date_gmt":"2025-05-19T04:46:50","guid":{"rendered":"https:\/\/www.carlosleal.mx\/columnas\/?page_id=45"},"modified":"2025-05-19T04:46:50","modified_gmt":"2025-05-19T04:46:50","slug":"quien-soy","status":"publish","type":"page","link":"https:\/\/www.carlosleal.mx\/columnas\/quien-soy\/","title":{"rendered":"Qui\u00e9n soy"},"content":{"rendered":"\n<p><\/p>\n\n\n\n<figure class=\"wp-block-image\"><img loading=\"lazy\" decoding=\"async\" width=\"960\" height=\"320\" src=\"https:\/\/www.carlosleal.mx\/columnas\/wp-content\/uploads\/2025\/05\/pic01-1.jpg\" alt=\"\" class=\"wp-image-46\" srcset=\"https:\/\/www.carlosleal.mx\/columnas\/wp-content\/uploads\/2025\/05\/pic01-1.jpg 960w, https:\/\/www.carlosleal.mx\/columnas\/wp-content\/uploads\/2025\/05\/pic01-1-300x100.jpg 300w, https:\/\/www.carlosleal.mx\/columnas\/wp-content\/uploads\/2025\/05\/pic01-1-768x256.jpg 768w\" sizes=\"auto, (max-width: 960px) 100vw, 960px\" \/><\/figure>\n\n\n\n<p>Hola, soy Carlos Leal, pol\u00edtico independiente y empresario. Fui diputado local en el H. Congreso del Estado de Nuevo Le\u00f3n, donde trabaj\u00e9 en defensa de los valores fundamentales que construyen una sociedad s\u00f3lida y libre.<\/p>\n\n\n\n<p>Mi compromiso es con la libertad en todas sus formas: la libertad de pensamiento, de expresi\u00f3n y religiosa. Creo firmemente en la defensa de la vida desde la concepci\u00f3n, en el fortalecimiento de la familia como pilar de nuestra sociedad, en el amor a la patria, el respeto por el libre mercado y la promoci\u00f3n de la igualdad ante la ley.<\/p>\n\n\n\n<p>Estamos a favor de una sociedad donde cada mexicano pueda expresar sus ideas sin censura ni imposiciones. Por ello, hacemos un llamado a los medios de comunicaci\u00f3n y a los partidos pol\u00edticos: dejen de imponer agendas o ideolog\u00edas ajenas a los valores y principios de nuestra sociedad.<\/p>\n\n\n\n<p><strong>Por un M\u00e9xico de libertad, patria y familia: sigamos construyendo juntos un mejor futuro.<\/strong><\/p>\n","protected":false},"excerpt":{"rendered":"<p>Hola, soy Carlos Leal, pol\u00edtico independiente y empresario. Fui diputado local en el H. Congreso del Estado de Nuevo Le\u00f3n, donde trabaj\u00e9 en defensa de&#8230;<\/p>\n<div class=\"more-link-wrapper\"><a class=\"more-link\" href=\"https:\/\/www.carlosleal.mx\/columnas\/quien-soy\/\">Seguir leyendo<span class=\"screen-reader-text\">Qui\u00e9n soy<\/span><\/a><\/div>\n","protected":false},"author":1,"featured_media":0,"parent":0,"menu_order":0,"comment_status":"closed","ping_status":"closed","template":"","meta":{"iawp_total_views":845,"footnotes":""},"class_list":["post-45","page","type-page","status-publish","hentry","entry"],"_links":{"self":[{"href":"https:\/\/www.carlosleal.mx\/columnas\/wp-json\/wp\/v2\/pages\/45","targetHints":{"allow":["GET"]}}],"collection":[{"href":"https:\/\/www.carlosleal.mx\/columnas\/wp-json\/wp\/v2\/pages"}],"about":[{"href":"https:\/\/www.carlosleal.mx\/columnas\/wp-json\/wp\/v2\/types\/page"}],"author":[{"embeddable":true,"href":"https:\/\/www.carlosleal.mx\/columnas\/wp-json\/wp\/v2\/users\/1"}],"replies":[{"embeddable":true,"href":"https:\/\/www.carlosleal.mx\/columnas\/wp-json\/wp\/v2\/comments?post=45"}],"version-history":[{"count":1,"href":"https:\/\/www.carlosleal.mx\/columnas\/wp-json\/wp\/v2\/pages\/45\/revisions"}],"predecessor-version":[{"id":47,"href":"https:\/\/www.carlosleal.mx\/columnas\/wp-json\/wp\/v2\/pages\/45\/revisions\/47"}],"wp:attachment":[{"href":"https:\/\/www.carlosleal.mx\/columnas\/wp-json\/wp\/v2\/media?parent=45"}],"curies":[{"name":"wp","href":"https:\/\/api.w.org\/{rel}","templated":true}]}}