{"id":51,"date":"2025-05-19T04:50:14","date_gmt":"2025-05-19T04:50:14","guid":{"rendered":"https:\/\/www.carlosleal.mx\/columnas\/?page_id=51"},"modified":"2025-05-19T04:50:14","modified_gmt":"2025-05-19T04:50:14","slug":"trabajo-politico","status":"publish","type":"page","link":"https:\/\/www.carlosleal.mx\/columnas\/trabajo-politico\/","title":{"rendered":"Trabajo Pol\u00edtico"},"content":{"rendered":"\n<p><\/p>\n\n\n\n<figure class=\"wp-block-image\"><img loading=\"lazy\" decoding=\"async\" width=\"960\" height=\"320\" src=\"https:\/\/www.carlosleal.mx\/columnas\/wp-content\/uploads\/2025\/05\/pic02-1.jpg\" alt=\"\" class=\"wp-image-52\" srcset=\"https:\/\/www.carlosleal.mx\/columnas\/wp-content\/uploads\/2025\/05\/pic02-1.jpg 960w, https:\/\/www.carlosleal.mx\/columnas\/wp-content\/uploads\/2025\/05\/pic02-1-300x100.jpg 300w, https:\/\/www.carlosleal.mx\/columnas\/wp-content\/uploads\/2025\/05\/pic02-1-768x256.jpg 768w\" sizes=\"auto, (max-width: 960px) 100vw, 960px\" \/><\/figure>\n\n\n\n<p>Nuestro proyecto se resume en la defensa de las libertades fundamentales, de la familia y de la vida; en reducir el tama\u00f1o del Estado, garantizar la igualdad entre los mexicanos y expulsar al Gobierno de tu vida privada. Nuestro discurso nace de nuestras convicciones, al margen de si \u00e9stas son m\u00e1s o menos populares.<\/p>\n\n\n\n<p>Tengo como objetivo es poner a las instituciones al servicio de los mexicanos, en contraste con el actual modelo que pone a los mexicanos al servicio de los pol\u00edticos.<\/p>\n\n\n\n<p>Mi trabajo legislativo se basa en principalmente en la defensa del&nbsp;<strong>derecho a la vida y de la protecci\u00f3n a la familia.<\/strong><\/p>\n\n\n\n<p><strong>S\u00ed a la familia natural, no a los lobbys LGBT!<\/strong><br><strong>S\u00ed a la identidad sexual, no a la ideolog\u00eda de g\u00e9nero!<\/strong><br><strong>S\u00ed a la cultura de la vida, no al abismo de la muerte!<\/strong><br><strong>S\u00ed a nuestra tradiciones, no a quienes quieren destruirlas!<\/strong><\/p>\n\n\n\n<p><strong>INICIATIVAS APROBADAS<\/strong><br>Sin importar ser solo un diputado ciudadano e independiente de los partidos en el Congreso del Estado de Nuevo Le\u00f3n, hemos colocado&nbsp;<strong>m\u00e1s de 120 iniciativas<\/strong>&nbsp;de ley, de las cuales tenemos mas de 30 aprobadas en distintos temas a favor de la vida y la familia.<\/p>\n\n\n\n<p>Como ciudadano llevo m\u00e1s de 20 iniciativas de las cuales 4 se han aprobado.<\/p>\n\n\n\n<ul class=\"wp-block-list\">\n<li><a href=\"http:\/\/www.hcnl.gob.mx\/trabajo_legislativo\/iniciativas\/diputado-LXXV.php?diputado=JUAN%20CARLOS%20LEAL%20SEGOVIA&amp;gl=pes&amp;json=jcls\">Iniciativas Presentadas<\/a><\/li>\n<\/ul>\n","protected":false},"excerpt":{"rendered":"<p>Nuestro proyecto se resume en la defensa de las libertades fundamentales, de la familia y de la vida; en reducir el tama\u00f1o del Estado, garantizar&#8230;<\/p>\n<div class=\"more-link-wrapper\"><a class=\"more-link\" href=\"https:\/\/www.carlosleal.mx\/columnas\/trabajo-politico\/\">Seguir leyendo<span class=\"screen-reader-text\">Trabajo Pol\u00edtico<\/span><\/a><\/div>\n","protected":false},"author":1,"featured_media":0,"parent":0,"menu_order":0,"comment_status":"closed","ping_status":"closed","template":"","meta":{"iawp_total_views":191,"footnotes":""},"class_list":["post-51","page","type-page","status-publish","hentry","entry"],"_links":{"self":[{"href":"https:\/\/www.carlosleal.mx\/columnas\/wp-json\/wp\/v2\/pages\/51","targetHints":{"allow":["GET"]}}],"collection":[{"href":"https:\/\/www.carlosleal.mx\/columnas\/wp-json\/wp\/v2\/pages"}],"about":[{"href":"https:\/\/www.carlosleal.mx\/columnas\/wp-json\/wp\/v2\/types\/page"}],"author":[{"embeddable":true,"href":"https:\/\/www.carlosleal.mx\/columnas\/wp-json\/wp\/v2\/users\/1"}],"replies":[{"embeddable":true,"href":"https:\/\/www.carlosleal.mx\/columnas\/wp-json\/wp\/v2\/comments?post=51"}],"version-history":[{"count":1,"href":"https:\/\/www.carlosleal.mx\/columnas\/wp-json\/wp\/v2\/pages\/51\/revisions"}],"predecessor-version":[{"id":53,"href":"https:\/\/www.carlosleal.mx\/columnas\/wp-json\/wp\/v2\/pages\/51\/revisions\/53"}],"wp:attachment":[{"href":"https:\/\/www.carlosleal.mx\/columnas\/wp-json\/wp\/v2\/media?parent=51"}],"curies":[{"name":"wp","href":"https:\/\/api.w.org\/{rel}","templated":true}]}}