{"id":55,"date":"2025-05-19T04:52:00","date_gmt":"2025-05-19T04:52:00","guid":{"rendered":"https:\/\/www.carlosleal.mx\/columnas\/?page_id=55"},"modified":"2025-05-19T15:22:57","modified_gmt":"2025-05-19T15:22:57","slug":"referendum","status":"publish","type":"page","link":"https:\/\/www.carlosleal.mx\/columnas\/referendum\/","title":{"rendered":"Referendum"},"content":{"rendered":"\n<p><\/p>\n\n\n\n<figure class=\"wp-block-embed is-type-video is-provider-youtube wp-block-embed-youtube wp-embed-aspect-16-9 wp-has-aspect-ratio\"><div class=\"wp-block-embed__wrapper\">\n<iframe loading=\"lazy\" title=\"Consulta Ciudadana Nuevo Le\u00f3n\" width=\"500\" height=\"281\" src=\"https:\/\/www.youtube.com\/embed\/iTK7Wlb3-bA?feature=oembed\" frameborder=\"0\" allow=\"accelerometer; autoplay; clipboard-write; encrypted-media; gyroscope; picture-in-picture; web-share\" referrerpolicy=\"strict-origin-when-cross-origin\" allowfullscreen><\/iframe>\n<\/div><\/figure>\n\n\n\n<h2 class=\"wp-block-heading\">\u00bfQu\u00e9 es un Refer\u00e9ndum y por qu\u00e9 es importante para ti?<\/h2>\n\n\n\n<p>Un&nbsp;<strong>refer\u00e9ndum<\/strong>&nbsp;es un instrumento de participaci\u00f3n ciudadana que nos permite, como sociedad, tomar decisiones directas sobre temas de gran importancia para nuestra comunidad. A trav\u00e9s del refer\u00e9ndum, los ciudadanos podemos aprobar, rechazar, reformar o derogar leyes y reglamentos que impactan nuestro presente y futuro.<\/p>\n\n\n\n<p>En Nuevo Le\u00f3n, el refer\u00e9ndum est\u00e1 regulado por la&nbsp;<strong>Ley de Participaci\u00f3n Ciudadana<\/strong>&nbsp;y respaldado por los&nbsp;<strong>art\u00edculos 58, 59 y 60 de la Constituci\u00f3n Pol\u00edtica del Estado de Nuevo Le\u00f3n<\/strong>. Este mecanismo democr\u00e1tico permite que nuestras voces sean escuchadas y que juntos definamos el rumbo de nuestras leyes.<\/p>\n\n\n\n<h2 class=\"wp-block-heading\">\u00a1Defendamos a la familia y la educaci\u00f3n de nuestros hijos!<\/h2>\n\n\n\n<p>Hoy te invitamos a unirte a un refer\u00e9ndum que busca garantizar un derecho fundamental:<\/p>\n\n\n\n<blockquote class=\"wp-block-quote is-layout-flow wp-block-quote-is-layout-flow\">\n<p><strong>Que los padres tengan el derecho preferente a escoger el tipo de educaci\u00f3n que recibir\u00e1n sus hijos.<\/strong><\/p>\n<\/blockquote>\n\n\n\n<p>Esta propuesta est\u00e1 inspirada en principios universales de los&nbsp;<strong>Derechos Humanos<\/strong>&nbsp;y valores que protegen la vida y la familia, reconocidos tanto en nuestra&nbsp;<strong>Constituci\u00f3n Federal<\/strong>&nbsp;como en tratados internacionales como la&nbsp;<strong>Declaraci\u00f3n Universal de los Derechos Humanos<\/strong>.<\/p>\n\n\n\n<h2 class=\"wp-block-heading\">\u00bfQu\u00e9 estamos proponiendo?<\/h2>\n\n\n\n<p>Queremos incluir en el&nbsp;<strong>art\u00edculo 39 de la Constituci\u00f3n de Nuevo Le\u00f3n<\/strong>&nbsp;el siguiente texto:<\/p>\n\n\n\n<blockquote class=\"wp-block-quote is-layout-flow wp-block-quote-is-layout-flow\">\n<p><em>\u00abLos padres tendr\u00e1n derecho preferente a escoger el tipo de educaci\u00f3n que habr\u00e1 de darse a sus hijos.\u00bb<\/em><\/p>\n<\/blockquote>\n\n\n\n<p><strong>\u00bfPor qu\u00e9 es importante?<\/strong><\/p>\n\n\n\n<ul class=\"wp-block-list\">\n<li><strong>Protecci\u00f3n de la familia:<\/strong>&nbsp;Reafirma el papel de los padres como los primeros educadores de sus hijos.<\/li>\n\n\n\n<li><strong>Libertad educativa:<\/strong>&nbsp;Permite a las familias elegir una educaci\u00f3n acorde con sus valores y principios.<\/li>\n\n\n\n<li><strong>Cuidado de la ni\u00f1ez:<\/strong>&nbsp;Garantiza que los ni\u00f1os crezcan en entornos educativos que promuevan su desarrollo integral, f\u00edsico, emocional y espiritual.<\/li>\n<\/ul>\n\n\n\n<h2 class=\"wp-block-heading\">\u00bfQu\u00e9 necesitamos para lograrlo?<\/h2>\n\n\n\n<p>Para llevar esta reforma al&nbsp;<strong>refer\u00e9ndum<\/strong>, necesitamos el apoyo de ciudadanos como t\u00fa. Debemos recolectar&nbsp;<strong>95,000 firmas v\u00e1lidas<\/strong>&nbsp;de personas comprometidas con la defensa de la vida, la familia y la libertad educativa.<\/p>\n\n\n\n<h2 class=\"wp-block-heading\">\u00bfC\u00f3mo puedes participar?<\/h2>\n\n\n\n<ol class=\"wp-block-list\">\n<li><strong>Firma nuestra iniciativa:<\/strong>&nbsp;Busca nuestros puntos de recolecci\u00f3n de firmas en tu comunidad o comun\u00edcate con nosotros para saber c\u00f3mo participar.<\/li>\n\n\n\n<li><strong>Invol\u00facrate como voluntario:<\/strong>&nbsp;Ay\u00fadanos a recolectar m\u00e1s firmas en tu c\u00edrculo de amigos, familia o en eventos comunitarios.<\/li>\n\n\n\n<li><strong>Comparte nuestra causa:<\/strong>&nbsp;Habla con otros sobre esta propuesta y lo que significa para el futuro de nuestros hijos.<\/li>\n<\/ol>\n\n\n\n<h2 class=\"wp-block-heading\">Una decisi\u00f3n que impactar\u00e1 generaciones<\/h2>\n\n\n\n<p>En un mundo donde los valores tradicionales son constantemente desafiados, este refer\u00e9ndum es una oportunidad para reafirmar el compromiso de Nuevo Le\u00f3n con la&nbsp;<strong>vida, la familia y la educaci\u00f3n basada en principios s\u00f3lidos<\/strong>. Necesitamos de tu apoyo para que esta reforma se haga realidad y juntos podamos construir un mejor futuro para las familias y los ni\u00f1os de nuestro estado.<\/p>\n\n\n\n<h2 class=\"wp-block-heading\">\u00a1Defendamos nuestros valores, firmemos por nuestros hijos!<\/h2>\n\n\n\n<p>El momento de actuar es ahora. S\u00famate a este esfuerzo y s\u00e9 parte del cambio que Nuevo Le\u00f3n necesita. Cada firma cuenta, cada esfuerzo suma.<\/p>\n\n\n\n<p><strong>Firma por el futuro, firma por la familia, firma por la libertad educativa.<\/strong><\/p>\n\n\n\n<p>Si quieres apoyas como voluntario o quieres firmar, cont\u00e1ctanos:<\/p>\n\n\n\n<ul class=\"wp-block-list\">\n<li><strong>Correo:<\/strong>&nbsp;<a href=\"mailto:eferendum@carlosleal.mx\">soy@carlosleal.mx<\/a><\/li>\n\n\n\n<li><a href=\"https:\/\/forms.gle\/xWK2pX1ndApCdDEo8\">FORMULARIO DE CONTACTO<\/a><\/li>\n<\/ul>\n","protected":false},"excerpt":{"rendered":"<p>\u00bfQu\u00e9 es un Refer\u00e9ndum y por qu\u00e9 es importante para ti? Un&nbsp;refer\u00e9ndum&nbsp;es un instrumento de participaci\u00f3n ciudadana que nos permite, como sociedad, tomar decisiones directas&#8230;<\/p>\n<div class=\"more-link-wrapper\"><a class=\"more-link\" href=\"https:\/\/www.carlosleal.mx\/columnas\/referendum\/\">Seguir leyendo<span class=\"screen-reader-text\">Referendum<\/span><\/a><\/div>\n","protected":false},"author":1,"featured_media":0,"parent":0,"menu_order":0,"comment_status":"closed","ping_status":"closed","template":"","meta":{"iawp_total_views":1511,"footnotes":""},"class_list":["post-55","page","type-page","status-publish","hentry","entry"],"_links":{"self":[{"href":"https:\/\/www.carlosleal.mx\/columnas\/wp-json\/wp\/v2\/pages\/55","targetHints":{"allow":["GET"]}}],"collection":[{"href":"https:\/\/www.carlosleal.mx\/columnas\/wp-json\/wp\/v2\/pages"}],"about":[{"href":"https:\/\/www.carlosleal.mx\/columnas\/wp-json\/wp\/v2\/types\/page"}],"author":[{"embeddable":true,"href":"https:\/\/www.carlosleal.mx\/columnas\/wp-json\/wp\/v2\/users\/1"}],"replies":[{"embeddable":true,"href":"https:\/\/www.carlosleal.mx\/columnas\/wp-json\/wp\/v2\/comments?post=55"}],"version-history":[{"count":3,"href":"https:\/\/www.carlosleal.mx\/columnas\/wp-json\/wp\/v2\/pages\/55\/revisions"}],"predecessor-version":[{"id":84,"href":"https:\/\/www.carlosleal.mx\/columnas\/wp-json\/wp\/v2\/pages\/55\/revisions\/84"}],"wp:attachment":[{"href":"https:\/\/www.carlosleal.mx\/columnas\/wp-json\/wp\/v2\/media?parent=55"}],"curies":[{"name":"wp","href":"https:\/\/api.w.org\/{rel}","templated":true}]}}